{"id":2978,"date":"2025-10-29T21:42:44","date_gmt":"2025-10-29T21:42:44","guid":{"rendered":"https:\/\/olivin.webty.site\/haber\/?page_id=2978"},"modified":"2025-10-29T21:42:44","modified_gmt":"2025-10-29T21:42:44","slug":"kdv-tevfikati-hesaplama","status":"publish","type":"page","link":"https:\/\/olivin.webty.site\/saglik\/kdv-tevfikati-hesaplama\/","title":{"rendered":"KDV Tevfikat\u0131 Hesaplama"},"content":{"rendered":"\r\n    <div class=\"oli-calculator\">\r\n        <div class=\"oli-calculator-form-groups\">\r\n            <div class=\"calculator-form-group\">\r\n                <label for=\"invoiceAmount\">Fatura Tutar\u0131 (KDV Hari\u00e7):<\/label>\r\n                <input type=\"number\" id=\"invoiceAmount\" min=\"0\" step=\"0.01\" placeholder=\"Fatura tutar\u0131n\u0131 giriniz\">\r\n            <\/div>\r\n            <div class=\"calculator-form-group\">\r\n                <label for=\"kdvRate\">KDV Oran\u0131 (%):<\/label>\r\n                <select id=\"kdvRate\">\r\n                    <option value=\"0.01\">%1<\/option>\r\n                    <option value=\"0.08\">%8<\/option>\r\n                    <option value=\"0.10\">%10<\/option>\r\n                    <option value=\"0.18\" selected>%18<\/option>\r\n                    <option value=\"0.20\">%20<\/option>\r\n                <\/select>\r\n            <\/div>\r\n            <div class=\"calculator-form-group\">\r\n                <label for=\"tevkifatRate\">Tevkifat Oran\u0131:<\/label>\r\n                <select id=\"tevkifatRate\">\r\n                    <option value=\"0.2\">2\/10<\/option>\r\n                    <option value=\"0.3\">3\/10<\/option>\r\n                    <option value=\"0.5\">5\/10<\/option>\r\n                    <option value=\"0.7\">7\/10<\/option>\r\n                    <option value=\"0.9\">9\/10<\/option>\r\n                <\/select>\r\n            <\/div>\r\n        <\/div>\r\n        <button onclick=\"calculateKdvTevfikati()\">Hesapla<\/button>\r\n        <div class=\"result\" id=\"kdvTevfikatiResult\"><\/div>\r\n    <\/div>\r\n    <script>\r\n        const calculateKdvTevfikati = () => {\r\n            const invoiceAmount = parseFloat(document.getElementById('invoiceAmount').value);\r\n            const kdvRate = parseFloat(document.getElementById('kdvRate').value);\r\n            const tevkifatRate = parseFloat(document.getElementById('tevkifatRate').value);\r\n\r\n            if (!invoiceAmount || invoiceAmount < 0) {\r\n                alert('L\u00fctfen ge\u00e7erli bir fatura tutar\u0131 giriniz!');\r\n                return;\r\n            }\r\n\r\n            const formatTL = amount =>\r\n                amount.toLocaleString('tr-TR', {\r\n                    minimumFractionDigits: 2,\r\n                    maximumFractionDigits: 2\r\n                }) + ' TL';\r\n\r\n            const kdvAmount = invoiceAmount * kdvRate;\r\n            const tevkifatAmount = kdvAmount * tevkifatRate;\r\n            const kdvToSupplier = kdvAmount - tevkifatAmount;\r\n            const totalPaymentToSupplier = invoiceAmount + kdvToSupplier;\r\n            const kdvToTaxOffice = tevkifatAmount;\r\n\r\n            document.getElementById('kdvTevfikatiResult').innerHTML = `\r\n        <p><strong>Fatura Tutar\u0131 (KDV Hari\u00e7):<\/strong> ${formatTL(invoiceAmount)}<\/p>\r\n        <p><strong>KDV Tutar\u0131:<\/strong> ${formatTL(kdvAmount)}<\/p>\r\n        <p><strong>Tevkifat Tutar\u0131:<\/strong> ${formatTL(tevkifatAmount)}<\/p>\r\n        <p><strong>Sat\u0131c\u0131ya \u00d6denecek KDV:<\/strong> ${formatTL(kdvToSupplier)}<\/p>\r\n        <p><strong>Vergi Dairesine \u00d6denecek KDV:<\/strong> ${formatTL(kdvToTaxOffice)}<\/p>\r\n        <p><strong>Sat\u0131c\u0131ya Toplam \u00d6deme:<\/strong> ${formatTL(totalPaymentToSupplier)}<\/p>\r\n    `;\r\n            document.getElementById('kdvTevfikatiResult').style.display = 'block';\r\n        };\r\n    <\/script>\r\n\r\n\n<p><\/p>\n<blockquote><p><span style=\"color: #333;\"><strong>Bu sayfay\u0131 payla\u015f\u0131n:<\/strong><\/span><\/p><\/blockquote>\n<p><\/p>\n<div class=\"oli-social-share-buttons\" title=\"Bu Sayfay\u0131 Payla\u015f\"><li><a href=\"https:\/\/www.facebook.com\/sharer\/sharer.php?u=https%3A%2F%2Folivin.webty.site%2Fsaglik%2Fkdv-tevfikati-hesaplama%2F\" target=\"_blank\" onclick=\"window.open(this.href, '_blank'); return false;\" style=\"background-color: #3b5998;\"><i class=\"fab fa-facebook\"><\/i><span>Facebook<\/span><\/a><\/li><li><a href=\"https:\/\/api.whatsapp.com\/send?text=KDV+Tevfikat%C4%B1+Hesaplama%20https%3A%2F%2Folivin.webty.site%2Fsaglik%2Fkdv-tevfikati-hesaplama%2F\" target=\"_blank\" onclick=\"window.open(this.href, '_blank'); return false;\" style=\"background-color: #4dc247;\"><i class=\"fab fa-whatsapp\"><\/i><span>WhatsApp<\/span><\/a><\/li><li><a href=\"https:\/\/x.com\/intent\/post?text=KDV+Tevfikat%C4%B1+Hesaplama&url=https%3A%2F%2Folivin.webty.site%2Fsaglik%2Fkdv-tevfikati-hesaplama%2F\" target=\"_blank\" onclick=\"window.open(this.href, '_blank'); return false;\" style=\"background-color: #000000;\"><i class=\"fab fa-x-twitter\"><\/i><span>X<\/span><\/a><\/li><li><a href=\"https:\/\/www.linkedin.com\/sharing\/share-offsite\/?url=https%3A%2F%2Folivin.webty.site%2Fsaglik%2Fkdv-tevfikati-hesaplama%2F&title=KDV+Tevfikat%C4%B1+Hesaplama\" target=\"_blank\" onclick=\"window.open(this.href, '_blank'); return false;\" style=\"background-color: #007bb5;\"><i class=\"fab fa-linkedin\"><\/i><span>LinkedIn<\/span><\/a><\/li><li><a href=\"https:\/\/t.me\/share\/url?url=https%3A%2F%2Folivin.webty.site%2Fsaglik%2Fkdv-tevfikati-hesaplama%2F&text=KDV+Tevfikat%C4%B1+Hesaplama\" target=\"_blank\" onclick=\"window.open(this.href, '_blank'); return false;\" style=\"background-color: #0088cc;\"><i class=\"fab fa-telegram\"><\/i><span>Telegram<\/span><\/a><\/li><li><a href=\"mailto:?subject=KDV+Tevfikat%C4%B1+Hesaplama&body=https%3A%2F%2Folivin.webty.site%2Fsaglik%2Fkdv-tevfikati-hesaplama%2F\" target=\"_blank\" onclick=\"window.open(this.href, '_blank'); return false;\" style=\"background-color: #e75220;\"><i class=\"fas fa-envelope\"><\/i><span>Email<\/span><\/a><\/li><\/div>\n","protected":false},"excerpt":{"rendered":"<p>Bu sayfay\u0131 payla\u015f\u0131n:<\/p>\n","protected":false},"author":2,"featured_media":0,"parent":0,"menu_order":0,"comment_status":"closed","ping_status":"closed","template":"","meta":{"footnotes":""},"class_list":["post-2978","page","type-page","status-publish","hentry"],"_links":{"self":[{"href":"https:\/\/olivin.webty.site\/saglik\/wp-json\/wp\/v2\/pages\/2978","targetHints":{"allow":["GET"]}}],"collection":[{"href":"https:\/\/olivin.webty.site\/saglik\/wp-json\/wp\/v2\/pages"}],"about":[{"href":"https:\/\/olivin.webty.site\/saglik\/wp-json\/wp\/v2\/types\/page"}],"author":[{"embeddable":true,"href":"https:\/\/olivin.webty.site\/saglik\/wp-json\/wp\/v2\/users\/2"}],"replies":[{"embeddable":true,"href":"https:\/\/olivin.webty.site\/saglik\/wp-json\/wp\/v2\/comments?post=2978"}],"version-history":[{"count":0,"href":"https:\/\/olivin.webty.site\/saglik\/wp-json\/wp\/v2\/pages\/2978\/revisions"}],"wp:attachment":[{"href":"https:\/\/olivin.webty.site\/saglik\/wp-json\/wp\/v2\/media?parent=2978"}],"curies":[{"name":"wp","href":"https:\/\/api.w.org\/{rel}","templated":true}]}}