{"id":2974,"date":"2025-10-29T21:41:50","date_gmt":"2025-10-29T21:41:50","guid":{"rendered":"https:\/\/olivin.webty.site\/haber\/?page_id=2974"},"modified":"2025-10-29T21:41:50","modified_gmt":"2025-10-29T21:41:50","slug":"vucut-kitle-endeksi-hesaplama","status":"publish","type":"page","link":"https:\/\/olivin.webty.site\/saglik\/vucut-kitle-endeksi-hesaplama\/","title":{"rendered":"V\u00fccut Kitle Endeksi Hesaplama"},"content":{"rendered":"<div class=\"oli-calculator\">\r\n    <div class=\"oli-calculator-form-groups\">\r\n        <div class=\"calculator-form-group\">\r\n            <label for=\"weight\">Kilonuz (kg):<\/label>\r\n            <input type=\"number\" id=\"weight\" min=\"1\" step=\"0.1\" placeholder=\"Kilonuzu giriniz\">\r\n        <\/div>\r\n        <div class=\"calculator-form-group\">\r\n            <label for=\"height\">Boyunuz (cm):<\/label>\r\n            <input type=\"number\" id=\"height\" min=\"50\" step=\"0.1\" placeholder=\"Boyunuzu giriniz\">\r\n        <\/div>\r\n    <\/div>\r\n    <button onclick=\"calculateBMI()\">Hesapla<\/button>\r\n    <div class=\"result\" id=\"bmiResult\"><\/div>\r\n<\/div>\r\n<script>\r\n    const calculateBMI = () => {\r\n        const weight = parseFloat(document.getElementById('weight').value);\r\n        const height = parseFloat(document.getElementById('height').value) \/ 100; \/\/ cm to meters\r\n\r\n        if (!weight || weight <= 0 || !height || height <= 0) {\r\n            alert('L\u00fctfen ge\u00e7erli bir kilo ve boy de\u011feri giriniz!');\r\n            return;\r\n        }\r\n\r\n        const bmi = weight \/ (height * height);\r\n        let category = '';\r\n\r\n        if (bmi < 18.5) {\r\n            category = 'Zay\u0131f';\r\n        } else if (bmi >= 18.5 && bmi < 24.9) {\r\n            category = 'Normal';\r\n        } else if (bmi >= 25 && bmi < 29.9) {\r\n            category = 'Fazla Kilolu';\r\n        } else {\r\n            category = 'Obez';\r\n        }\r\n\r\n        document.getElementById('bmiResult').innerHTML = `\r\n            <p><strong>Beden Kitle \u0130ndeksiniz:<\/strong> ${bmi.toFixed(2)}<\/p>\r\n            <p><strong>Kategori:<\/strong> ${category}<\/p>\r\n        `;\r\n        document.getElementById('bmiResult').style.display = 'block';\r\n    };\r\n<\/script>\r\n\r\n\n<p><\/p>\n<blockquote><p><span style=\"color: #333;\"><strong>Bu sayfay\u0131 payla\u015f\u0131n:<\/strong><\/span><\/p><\/blockquote>\n<p><\/p>\n<div class=\"oli-social-share-buttons\" title=\"Bu Sayfay\u0131 Payla\u015f\"><li><a href=\"https:\/\/www.facebook.com\/sharer\/sharer.php?u=https%3A%2F%2Folivin.webty.site%2Fsaglik%2Fvucut-kitle-endeksi-hesaplama%2F\" target=\"_blank\" onclick=\"window.open(this.href, '_blank'); return false;\" style=\"background-color: #3b5998;\"><i class=\"fab fa-facebook\"><\/i><span>Facebook<\/span><\/a><\/li><li><a href=\"https:\/\/api.whatsapp.com\/send?text=V%C3%BCcut+Kitle+Endeksi+Hesaplama%20https%3A%2F%2Folivin.webty.site%2Fsaglik%2Fvucut-kitle-endeksi-hesaplama%2F\" target=\"_blank\" onclick=\"window.open(this.href, '_blank'); return false;\" style=\"background-color: #4dc247;\"><i class=\"fab fa-whatsapp\"><\/i><span>WhatsApp<\/span><\/a><\/li><li><a href=\"https:\/\/x.com\/intent\/post?text=V%C3%BCcut+Kitle+Endeksi+Hesaplama&url=https%3A%2F%2Folivin.webty.site%2Fsaglik%2Fvucut-kitle-endeksi-hesaplama%2F\" target=\"_blank\" onclick=\"window.open(this.href, '_blank'); return false;\" style=\"background-color: #000000;\"><i class=\"fab fa-x-twitter\"><\/i><span>X<\/span><\/a><\/li><li><a href=\"https:\/\/www.linkedin.com\/sharing\/share-offsite\/?url=https%3A%2F%2Folivin.webty.site%2Fsaglik%2Fvucut-kitle-endeksi-hesaplama%2F&title=V%C3%BCcut+Kitle+Endeksi+Hesaplama\" target=\"_blank\" onclick=\"window.open(this.href, '_blank'); return false;\" style=\"background-color: #007bb5;\"><i class=\"fab fa-linkedin\"><\/i><span>LinkedIn<\/span><\/a><\/li><li><a href=\"https:\/\/t.me\/share\/url?url=https%3A%2F%2Folivin.webty.site%2Fsaglik%2Fvucut-kitle-endeksi-hesaplama%2F&text=V%C3%BCcut+Kitle+Endeksi+Hesaplama\" target=\"_blank\" onclick=\"window.open(this.href, '_blank'); return false;\" style=\"background-color: #0088cc;\"><i class=\"fab fa-telegram\"><\/i><span>Telegram<\/span><\/a><\/li><li><a href=\"mailto:?subject=V%C3%BCcut+Kitle+Endeksi+Hesaplama&body=https%3A%2F%2Folivin.webty.site%2Fsaglik%2Fvucut-kitle-endeksi-hesaplama%2F\" target=\"_blank\" onclick=\"window.open(this.href, '_blank'); return false;\" style=\"background-color: #e75220;\"><i class=\"fas fa-envelope\"><\/i><span>Email<\/span><\/a><\/li><\/div>\n","protected":false},"excerpt":{"rendered":"<p>Bu sayfay\u0131 payla\u015f\u0131n:<\/p>\n","protected":false},"author":2,"featured_media":0,"parent":0,"menu_order":0,"comment_status":"closed","ping_status":"closed","template":"","meta":{"footnotes":""},"class_list":["post-2974","page","type-page","status-publish","hentry"],"_links":{"self":[{"href":"https:\/\/olivin.webty.site\/saglik\/wp-json\/wp\/v2\/pages\/2974","targetHints":{"allow":["GET"]}}],"collection":[{"href":"https:\/\/olivin.webty.site\/saglik\/wp-json\/wp\/v2\/pages"}],"about":[{"href":"https:\/\/olivin.webty.site\/saglik\/wp-json\/wp\/v2\/types\/page"}],"author":[{"embeddable":true,"href":"https:\/\/olivin.webty.site\/saglik\/wp-json\/wp\/v2\/users\/2"}],"replies":[{"embeddable":true,"href":"https:\/\/olivin.webty.site\/saglik\/wp-json\/wp\/v2\/comments?post=2974"}],"version-history":[{"count":0,"href":"https:\/\/olivin.webty.site\/saglik\/wp-json\/wp\/v2\/pages\/2974\/revisions"}],"wp:attachment":[{"href":"https:\/\/olivin.webty.site\/saglik\/wp-json\/wp\/v2\/media?parent=2974"}],"curies":[{"name":"wp","href":"https:\/\/api.w.org\/{rel}","templated":true}]}}