{"id":2964,"date":"2025-10-29T21:39:19","date_gmt":"2025-10-29T21:39:19","guid":{"rendered":"https:\/\/olivin.webty.site\/haber\/?page_id=2964"},"modified":"2025-10-29T21:39:19","modified_gmt":"2025-10-29T21:39:19","slug":"metrekare-hesaplama","status":"publish","type":"page","link":"https:\/\/olivin.webty.site\/saglik\/metrekare-hesaplama\/","title":{"rendered":"Metrekare Hesaplama"},"content":{"rendered":"    <div class=\"oli-calculator\">\r\n        <div class=\"oli-calculator-form-groups\">\r\n            <div class=\"calculator-form-group\">\r\n                <label for=\"width\">En (metre):<\/label>\r\n                <input type=\"number\" id=\"width\" min=\"0.1\" step=\"0.01\" placeholder=\"Eni giriniz\">\r\n            <\/div>\r\n            <div class=\"calculator-form-group\">\r\n                <label for=\"length\">Boy (metre):<\/label>\r\n                <input type=\"number\" id=\"length\" min=\"0.1\" step=\"0.01\" placeholder=\"Boyu giriniz\">\r\n            <\/div>\r\n        <\/div>\r\n        <button onclick=\"calculateArea()\">Hesapla<\/button>\r\n        <div class=\"result\" id=\"areaResult\"><\/div>\r\n    <\/div>\r\n    <script>\r\n        const calculateArea = () => {\r\n            const width = parseFloat(document.getElementById('width').value);\r\n            const length = parseFloat(document.getElementById('length').value);\r\n\r\n            if (!width || width <= 0 || !length || length <= 0) {\r\n                alert('L\u00fctfen ge\u00e7erli bir en ve boy de\u011feri giriniz!');\r\n                return;\r\n            }\r\n\r\n            const area = width * length;\r\n\r\n            document.getElementById('areaResult').innerHTML = `\r\n        <p><strong>Alan:<\/strong> ${area.toFixed(2)} metrekare<\/p>\r\n    `;\r\n            document.getElementById('areaResult').style.display = 'block';\r\n        };\r\n    <\/script>\r\n\n<p><\/p>\n<blockquote><p><span style=\"color: #333;\"><strong>Bu sayfay\u0131 payla\u015f\u0131n:<\/strong><\/span><\/p><\/blockquote>\n<p><\/p>\n<div class=\"oli-social-share-buttons\" title=\"Bu Sayfay\u0131 Payla\u015f\"><li><a href=\"https:\/\/www.facebook.com\/sharer\/sharer.php?u=https%3A%2F%2Folivin.webty.site%2Fsaglik%2Fmetrekare-hesaplama%2F\" target=\"_blank\" onclick=\"window.open(this.href, '_blank'); return false;\" style=\"background-color: #3b5998;\"><i class=\"fab fa-facebook\"><\/i><span>Facebook<\/span><\/a><\/li><li><a href=\"https:\/\/api.whatsapp.com\/send?text=Metrekare+Hesaplama%20https%3A%2F%2Folivin.webty.site%2Fsaglik%2Fmetrekare-hesaplama%2F\" target=\"_blank\" onclick=\"window.open(this.href, '_blank'); return false;\" style=\"background-color: #4dc247;\"><i class=\"fab fa-whatsapp\"><\/i><span>WhatsApp<\/span><\/a><\/li><li><a href=\"https:\/\/x.com\/intent\/post?text=Metrekare+Hesaplama&url=https%3A%2F%2Folivin.webty.site%2Fsaglik%2Fmetrekare-hesaplama%2F\" target=\"_blank\" onclick=\"window.open(this.href, '_blank'); return false;\" style=\"background-color: #000000;\"><i class=\"fab fa-x-twitter\"><\/i><span>X<\/span><\/a><\/li><li><a href=\"https:\/\/www.linkedin.com\/sharing\/share-offsite\/?url=https%3A%2F%2Folivin.webty.site%2Fsaglik%2Fmetrekare-hesaplama%2F&title=Metrekare+Hesaplama\" target=\"_blank\" onclick=\"window.open(this.href, '_blank'); return false;\" style=\"background-color: #007bb5;\"><i class=\"fab fa-linkedin\"><\/i><span>LinkedIn<\/span><\/a><\/li><li><a href=\"https:\/\/t.me\/share\/url?url=https%3A%2F%2Folivin.webty.site%2Fsaglik%2Fmetrekare-hesaplama%2F&text=Metrekare+Hesaplama\" target=\"_blank\" onclick=\"window.open(this.href, '_blank'); return false;\" style=\"background-color: #0088cc;\"><i class=\"fab fa-telegram\"><\/i><span>Telegram<\/span><\/a><\/li><li><a href=\"mailto:?subject=Metrekare+Hesaplama&body=https%3A%2F%2Folivin.webty.site%2Fsaglik%2Fmetrekare-hesaplama%2F\" target=\"_blank\" onclick=\"window.open(this.href, '_blank'); return false;\" style=\"background-color: #e75220;\"><i class=\"fas fa-envelope\"><\/i><span>Email<\/span><\/a><\/li><\/div>\n","protected":false},"excerpt":{"rendered":"<p>Bu sayfay\u0131 payla\u015f\u0131n:<\/p>\n","protected":false},"author":2,"featured_media":0,"parent":0,"menu_order":0,"comment_status":"closed","ping_status":"closed","template":"","meta":{"footnotes":""},"class_list":["post-2964","page","type-page","status-publish","hentry"],"_links":{"self":[{"href":"https:\/\/olivin.webty.site\/saglik\/wp-json\/wp\/v2\/pages\/2964","targetHints":{"allow":["GET"]}}],"collection":[{"href":"https:\/\/olivin.webty.site\/saglik\/wp-json\/wp\/v2\/pages"}],"about":[{"href":"https:\/\/olivin.webty.site\/saglik\/wp-json\/wp\/v2\/types\/page"}],"author":[{"embeddable":true,"href":"https:\/\/olivin.webty.site\/saglik\/wp-json\/wp\/v2\/users\/2"}],"replies":[{"embeddable":true,"href":"https:\/\/olivin.webty.site\/saglik\/wp-json\/wp\/v2\/comments?post=2964"}],"version-history":[{"count":0,"href":"https:\/\/olivin.webty.site\/saglik\/wp-json\/wp\/v2\/pages\/2964\/revisions"}],"wp:attachment":[{"href":"https:\/\/olivin.webty.site\/saglik\/wp-json\/wp\/v2\/media?parent=2964"}],"curies":[{"name":"wp","href":"https:\/\/api.w.org\/{rel}","templated":true}]}}