{"id":2961,"date":"2025-10-29T21:38:24","date_gmt":"2025-10-29T21:38:24","guid":{"rendered":"https:\/\/olivin.webty.site\/haber\/?page_id=2961"},"modified":"2025-10-29T21:38:24","modified_gmt":"2025-10-29T21:38:24","slug":"yas-hesaplama","status":"publish","type":"page","link":"https:\/\/olivin.webty.site\/saglik\/yas-hesaplama\/","title":{"rendered":"Ya\u015f Hesaplama"},"content":{"rendered":"<div class=\"oli-calculator\">\r\n    <div class=\"oli-calculator-form-groups\">\r\n        <div class=\"calculator-form-group\">\r\n            <label for=\"birthDay\">G\u00fcn:<\/label>\r\n            <input type=\"number\" id=\"birthDay\" min=\"1\" max=\"31\" placeholder=\"G\u00fcn\u00fc giriniz\">\r\n        <\/div>\r\n        <div class=\"calculator-form-group\">\r\n            <label for=\"birthMonth\">Ay:<\/label>\r\n            <input type=\"number\" id=\"birthMonth\" min=\"1\" max=\"12\" placeholder=\"Ay\u0131 giriniz\">\r\n        <\/div>\r\n        <div class=\"calculator-form-group\">\r\n            <label for=\"birthYear\">Y\u0131l:<\/label>\r\n            <input type=\"number\" id=\"birthYear\" min=\"1900\" max=\"2100\" placeholder=\"Y\u0131l\u0131 giriniz\">\r\n        <\/div>\r\n    <\/div>\r\n    <button onclick=\"calculateDetailedAge()\">Hesapla<\/button>\r\n    <div class=\"result\" id=\"detailedAgeResult\"><\/div>\r\n<\/div>\r\n<script>\r\n    const calculateDetailedAge = () => {\r\n        const day = parseInt(document.getElementById('birthDay').value);\r\n        const month = parseInt(document.getElementById('birthMonth').value);\r\n        const year = parseInt(document.getElementById('birthYear').value);\r\n\r\n        if (!day || day < 1 || day > 31 || !month || month < 1 || month > 12 || !year || year < 1900) {\r\n            alert('L\u00fctfen ge\u00e7erli bir g\u00fcn, ay ve y\u0131l giriniz!');\r\n            return;\r\n        }\r\n\r\n        const today = new Date();\r\n        const birthDate = new Date(year, month - 1, day);\r\n        if (birthDate > today) {\r\n            alert('Do\u011fum tarihi bug\u00fcnden b\u00fcy\u00fck olamaz!');\r\n            return;\r\n        }\r\n\r\n        const diffInMilliseconds = today - birthDate;\r\n        const totalDays = Math.floor(diffInMilliseconds \/ (1000 * 60 * 60 * 24));\r\n        const totalYears = Math.floor(totalDays \/ 365.25);\r\n        const totalMonths = Math.floor(totalDays \/ 30.44);\r\n        const remainingMonths = totalMonths - (totalYears * 12);\r\n\r\n        const currentDay = today.getDate();\r\n        const currentMonth = today.getMonth() + 1;\r\n        const currentYear = today.getFullYear();\r\n\r\n        document.getElementById('detailedAgeResult').innerHTML = `\r\n            <p><strong>Ya\u015f\u0131n\u0131z: <\/strong> ${totalYears} y\u0131l<\/p>\r\n            <p><strong>Toplam Ge\u00e7en Ay: <\/strong> ${totalMonths} ay<\/p>\r\n            <p><strong>Toplam Ge\u00e7en G\u00fcn: <\/strong> ${totalDays} g\u00fcn<\/p>\r\n            <p><strong>Bug\u00fcn:<\/strong> ${currentDay}\/${currentMonth}\/${currentYear}<\/p>\r\n            <p><strong>Do\u011fum Tarihi: <\/strong> ${day}\/${month}\/${year}<\/p>\r\n            <p><strong>Kalan Aylar:<\/strong> ${remainingMonths} ay<\/p>\r\n        `;\r\n        document.getElementById('detailedAgeResult').style.display = 'block';\r\n    };\r\n<\/script>\r\n\r\n\n<p><\/p>\n<blockquote><p><span style=\"color: #333;\"><strong>Bu sayfay\u0131 payla\u015f\u0131n:<\/strong><\/span><\/p><\/blockquote>\n<p><\/p>\n<div class=\"oli-social-share-buttons\" title=\"Bu Sayfay\u0131 Payla\u015f\"><li><a href=\"https:\/\/www.facebook.com\/sharer\/sharer.php?u=https%3A%2F%2Folivin.webty.site%2Fsaglik%2Fyas-hesaplama%2F\" target=\"_blank\" onclick=\"window.open(this.href, '_blank'); return false;\" style=\"background-color: #3b5998;\"><i class=\"fab fa-facebook\"><\/i><span>Facebook<\/span><\/a><\/li><li><a href=\"https:\/\/api.whatsapp.com\/send?text=Ya%C5%9F+Hesaplama%20https%3A%2F%2Folivin.webty.site%2Fsaglik%2Fyas-hesaplama%2F\" target=\"_blank\" onclick=\"window.open(this.href, '_blank'); return false;\" style=\"background-color: #4dc247;\"><i class=\"fab fa-whatsapp\"><\/i><span>WhatsApp<\/span><\/a><\/li><li><a href=\"https:\/\/x.com\/intent\/post?text=Ya%C5%9F+Hesaplama&url=https%3A%2F%2Folivin.webty.site%2Fsaglik%2Fyas-hesaplama%2F\" target=\"_blank\" onclick=\"window.open(this.href, '_blank'); return false;\" style=\"background-color: #000000;\"><i class=\"fab fa-x-twitter\"><\/i><span>X<\/span><\/a><\/li><li><a href=\"https:\/\/www.linkedin.com\/sharing\/share-offsite\/?url=https%3A%2F%2Folivin.webty.site%2Fsaglik%2Fyas-hesaplama%2F&title=Ya%C5%9F+Hesaplama\" target=\"_blank\" onclick=\"window.open(this.href, '_blank'); return false;\" style=\"background-color: #007bb5;\"><i class=\"fab fa-linkedin\"><\/i><span>LinkedIn<\/span><\/a><\/li><li><a href=\"https:\/\/t.me\/share\/url?url=https%3A%2F%2Folivin.webty.site%2Fsaglik%2Fyas-hesaplama%2F&text=Ya%C5%9F+Hesaplama\" target=\"_blank\" onclick=\"window.open(this.href, '_blank'); return false;\" style=\"background-color: #0088cc;\"><i class=\"fab fa-telegram\"><\/i><span>Telegram<\/span><\/a><\/li><li><a href=\"mailto:?subject=Ya%C5%9F+Hesaplama&body=https%3A%2F%2Folivin.webty.site%2Fsaglik%2Fyas-hesaplama%2F\" target=\"_blank\" onclick=\"window.open(this.href, '_blank'); return false;\" style=\"background-color: #e75220;\"><i class=\"fas fa-envelope\"><\/i><span>Email<\/span><\/a><\/li><\/div>\n","protected":false},"excerpt":{"rendered":"<p>Bu sayfay\u0131 payla\u015f\u0131n:<\/p>\n","protected":false},"author":2,"featured_media":0,"parent":0,"menu_order":0,"comment_status":"closed","ping_status":"closed","template":"","meta":{"footnotes":""},"class_list":["post-2961","page","type-page","status-publish","hentry"],"_links":{"self":[{"href":"https:\/\/olivin.webty.site\/saglik\/wp-json\/wp\/v2\/pages\/2961","targetHints":{"allow":["GET"]}}],"collection":[{"href":"https:\/\/olivin.webty.site\/saglik\/wp-json\/wp\/v2\/pages"}],"about":[{"href":"https:\/\/olivin.webty.site\/saglik\/wp-json\/wp\/v2\/types\/page"}],"author":[{"embeddable":true,"href":"https:\/\/olivin.webty.site\/saglik\/wp-json\/wp\/v2\/users\/2"}],"replies":[{"embeddable":true,"href":"https:\/\/olivin.webty.site\/saglik\/wp-json\/wp\/v2\/comments?post=2961"}],"version-history":[{"count":0,"href":"https:\/\/olivin.webty.site\/saglik\/wp-json\/wp\/v2\/pages\/2961\/revisions"}],"wp:attachment":[{"href":"https:\/\/olivin.webty.site\/saglik\/wp-json\/wp\/v2\/media?parent=2961"}],"curies":[{"name":"wp","href":"https:\/\/api.w.org\/{rel}","templated":true}]}}