{"id":7,"date":"2025-08-25T10:18:53","date_gmt":"2025-08-25T07:18:53","guid":{"rendered":"https:\/\/olivin-kripto.webty.site\/?page_id=7"},"modified":"2025-08-25T10:18:53","modified_gmt":"2025-08-25T07:18:53","slug":"kripto-paralar","status":"publish","type":"page","link":"https:\/\/olivin.webty.site\/astroloji\/kripto-paralar\/","title":{"rendered":"Kripto Paralar"},"content":{"rendered":"    <div class=\"oli-alert info\">\r\n        <i class=\"fas fa-info-circle\"><\/i>\r\n        <span>Kripto paralar\u0131n analizleri a\u015fa\u011f\u0131da detayl\u0131 \u015fekilde haz\u0131rlanm\u0131\u015ft\u0131r. Kripto para analiz sayfas\u0131nda, kripto para birimleri, art\u0131\u015f ve d\u00fc\u015f\u00fc\u015f oranlar\u0131n\u0131, kripto para da\u011f\u0131l\u0131m\u0131n\u0131 ve trend analizini yaparak bilgi sahibi olabilirsiniz.<\/span>\r\n    <\/div>\r\n    \n","protected":false},"excerpt":{"rendered":"","protected":false},"author":1,"featured_media":0,"parent":0,"menu_order":0,"comment_status":"closed","ping_status":"closed","template":"pages\/crypto-coin.php","meta":{"footnotes":""},"class_list":["post-7","page","type-page","status-publish","hentry"],"_links":{"self":[{"href":"https:\/\/olivin.webty.site\/astroloji\/wp-json\/wp\/v2\/pages\/7","targetHints":{"allow":["GET"]}}],"collection":[{"href":"https:\/\/olivin.webty.site\/astroloji\/wp-json\/wp\/v2\/pages"}],"about":[{"href":"https:\/\/olivin.webty.site\/astroloji\/wp-json\/wp\/v2\/types\/page"}],"author":[{"embeddable":true,"href":"https:\/\/olivin.webty.site\/astroloji\/wp-json\/wp\/v2\/users\/1"}],"replies":[{"embeddable":true,"href":"https:\/\/olivin.webty.site\/astroloji\/wp-json\/wp\/v2\/comments?post=7"}],"version-history":[{"count":0,"href":"https:\/\/olivin.webty.site\/astroloji\/wp-json\/wp\/v2\/pages\/7\/revisions"}],"wp:attachment":[{"href":"https:\/\/olivin.webty.site\/astroloji\/wp-json\/wp\/v2\/media?parent=7"}],"curies":[{"name":"wp","href":"https:\/\/api.w.org\/{rel}","templated":true}]}}