{"id":238,"date":"2025-09-28T11:32:04","date_gmt":"2025-09-28T08:32:04","guid":{"rendered":"https:\/\/olivin.webty.site\/astroloji\/?page_id=238"},"modified":"2025-09-28T11:32:22","modified_gmt":"2025-09-28T08:32:22","slug":"hakkimizda","status":"publish","type":"page","link":"https:\/\/olivin.webty.site\/astroloji\/hakkimizda\/","title":{"rendered":"Hakk\u0131m\u0131zda"},"content":{"rendered":"<article class=\"text-token-text-primary w-full focus:outline-none scroll-mt-(--header-height)\" dir=\"auto\" tabindex=\"-1\" data-turn-id=\"cb9b25ec-0a95-48b1-a52e-331d97e16589\" data-testid=\"conversation-turn-1\" data-scroll-anchor=\"false\" data-turn=\"user\">\n<article class=\"text-token-text-primary w-full focus:outline-none scroll-mt-(--header-height)\" dir=\"auto\" tabindex=\"-1\" data-turn-id=\"cb9b25ec-0a95-48b1-a52e-331d97e16589\" data-testid=\"conversation-turn-1\" data-scroll-anchor=\"false\" data-turn=\"user\">\n<p data-start=\"0\" data-end=\"419\">Olivin, astroloji ve ruhsal rehberlik aray\u0131\u015f\u0131nda olanlara hitap eden modern bir WordPress temas\u0131d\u0131r. Bu tema, kullan\u0131c\u0131 dostu tasar\u0131m\u0131, etkileyici g\u00f6rselleri ve g\u00fc\u00e7l\u00fc \u00f6zellikleri ile ziyaret\u00e7ilere derinlemesine bir astroloji deneyimi sunar. Astrolojiye olan ilgi her ge\u00e7en g\u00fcn artt\u0131k\u00e7a, Olivin, hem profesyonel astrologlar hem de astrolojiye ilgi duyan bireyler i\u00e7in ideal bir platform yaratmak amac\u0131yla tasarlanm\u0131\u015ft\u0131r.<\/p>\n<p data-start=\"421\" data-end=\"931\">Olivin\u2019in astroloji demo sayfas\u0131, horoskoplardan ki\u015fisel astrolojik yorumlara kadar geni\u015f bir i\u00e7erik yelpazesi sunar. Tema, kullan\u0131c\u0131lara do\u011fum haritalar\u0131n\u0131 ke\u015ffetme, gezegenlerin etkilerini anlama ve y\u0131ld\u0131zlar\u0131n rehberli\u011finde daha fazla bilgi edinme f\u0131rsat\u0131 tan\u0131r. Y\u00fcksek kaliteli ve anlam y\u00fckl\u00fc g\u00f6rseller, ziyaret\u00e7ilerin astroloji ile olan ba\u011flar\u0131n\u0131 g\u00fc\u00e7lendirmelerini sa\u011flar. Ayr\u0131ca, Olivin\u2019in \u015f\u0131k ve d\u00fczenli yap\u0131s\u0131 sayesinde, i\u00e7eriklerinizi kolayca sunabilir ve takip\u00e7ilerinizle etkile\u015fimi art\u0131rabilirsiniz.<\/p>\n<p data-start=\"421\" data-end=\"931\">    <div class=\"oli-alert success\">\r\n        <i class=\"fas fa-check-circle\"><\/i>\r\n        <span>Bu bir ba\u015far\u0131 mesaj\u0131!<\/span>\r\n    <\/div>\r\n    <\/p>\n<p data-start=\"933\" data-end=\"1382\" data-is-last-node=\"\" data-is-only-node=\"\">Astroloji hakk\u0131nda bilgi edinmek isteyen herkes i\u00e7in kapsaml\u0131 kaynaklar ve rehberlik sunan Olivin, ayn\u0131 zamanda \u00f6zel astrolojik dan\u0131\u015fmanl\u0131k hizmetleri i\u00e7in de m\u00fckemmel bir platformdur. Kullan\u0131c\u0131 dostu y\u00f6netim paneli ile, astrolojiyle ilgili her t\u00fcrl\u00fc i\u00e7eri\u011fi kolayca g\u00fcncelleyebilir ve sitenizi etkin bir \u015fekilde y\u00f6netebilirsiniz. Olivin temas\u0131, astrolojiye dair her \u015feyi bir arada sunarak, ziyaret\u00e7ilerinize benzersiz bir deneyim ya\u015fatmay\u0131 ama\u00e7lar.<\/p>\n<p data-start=\"933\" data-end=\"1382\" data-is-last-node=\"\" data-is-only-node=\"\">    <div class=\"oli-post-faq-accordion\">\r\n        <button class=\"accordion\"><i class=\"fa-solid fa-question\"><\/i>Olivin blog temas\u0131<\/button>\r\n        <div class=\"opfa-panel\">\r\n            <div class=\"oli-text\"> Y\u00fczlerce \u00f6zelli\u011fi ile sizlerin kullan\u0131m\u0131na sunulan bir \u015faheser.<\/div>\r\n        <\/div>\r\n    <\/div>\r\n    <\/p>\n<\/article>\n<\/article>\n","protected":false},"excerpt":{"rendered":"<p>Olivin, astroloji ve ruhsal rehberlik aray\u0131\u015f\u0131nda olanlara hitap eden modern bir WordPress temas\u0131d\u0131r. Bu tema, kullan\u0131c\u0131 dostu tasar\u0131m\u0131, etkileyici g\u00f6rselleri ve g\u00fc\u00e7l\u00fc \u00f6zellikleri ile ziyaret\u00e7ilere derinlemesine bir astroloji deneyimi sunar. Astrolojiye olan ilgi her ge\u00e7en g\u00fcn artt\u0131k\u00e7a, Olivin, hem profesyonel astrologlar hem de astrolojiye ilgi duyan bireyler i\u00e7in ideal bir platform yaratmak amac\u0131yla tasarlanm\u0131\u015ft\u0131r. Olivin\u2019in [&hellip;]<\/p>\n","protected":false},"author":1,"featured_media":0,"parent":0,"menu_order":0,"comment_status":"closed","ping_status":"closed","template":"","meta":{"footnotes":""},"class_list":["post-238","page","type-page","status-publish","hentry"],"_links":{"self":[{"href":"https:\/\/olivin.webty.site\/astroloji\/wp-json\/wp\/v2\/pages\/238","targetHints":{"allow":["GET"]}}],"collection":[{"href":"https:\/\/olivin.webty.site\/astroloji\/wp-json\/wp\/v2\/pages"}],"about":[{"href":"https:\/\/olivin.webty.site\/astroloji\/wp-json\/wp\/v2\/types\/page"}],"author":[{"embeddable":true,"href":"https:\/\/olivin.webty.site\/astroloji\/wp-json\/wp\/v2\/users\/1"}],"replies":[{"embeddable":true,"href":"https:\/\/olivin.webty.site\/astroloji\/wp-json\/wp\/v2\/comments?post=238"}],"version-history":[{"count":0,"href":"https:\/\/olivin.webty.site\/astroloji\/wp-json\/wp\/v2\/pages\/238\/revisions"}],"wp:attachment":[{"href":"https:\/\/olivin.webty.site\/astroloji\/wp-json\/wp\/v2\/media?parent=238"}],"curies":[{"name":"wp","href":"https:\/\/api.w.org\/{rel}","templated":true}]}}