{"id":221,"date":"2025-09-28T06:23:41","date_gmt":"2025-09-28T06:23:41","guid":{"rendered":"https:\/\/olivin.webty.site\/astroloji\/?page_id=221"},"modified":"2025-09-28T06:23:41","modified_gmt":"2025-09-28T06:23:41","slug":"yas-hesaplama","status":"publish","type":"page","link":"https:\/\/olivin.webty.site\/astroloji\/yas-hesaplama\/","title":{"rendered":"Ya\u015f Hesaplama"},"content":{"rendered":"    <div class=\"oli-alert info\">\r\n        <i class=\"fas fa-info-circle\"><\/i>\r\n        <span>Ya\u015f hesaplama formu<\/span>\r\n    <\/div>\r\n    \n<div class=\"oli-calculator\">\r\n    <div class=\"oli-calculator-form-groups\">\r\n        <div class=\"calculator-form-group\">\r\n            <label for=\"birthDay\">G\u00fcn:<\/label>\r\n            <input type=\"number\" id=\"birthDay\" min=\"1\" max=\"31\" placeholder=\"G\u00fcn\u00fc giriniz\">\r\n        <\/div>\r\n        <div class=\"calculator-form-group\">\r\n            <label for=\"birthMonth\">Ay:<\/label>\r\n            <input type=\"number\" id=\"birthMonth\" min=\"1\" max=\"12\" placeholder=\"Ay\u0131 giriniz\">\r\n        <\/div>\r\n        <div class=\"calculator-form-group\">\r\n            <label for=\"birthYear\">Y\u0131l:<\/label>\r\n            <input type=\"number\" id=\"birthYear\" min=\"1900\" max=\"2100\" placeholder=\"Y\u0131l\u0131 giriniz\">\r\n        <\/div>\r\n    <\/div>\r\n    <button onclick=\"calculateDetailedAge()\">Hesapla<\/button>\r\n    <div class=\"result\" id=\"detailedAgeResult\"><\/div>\r\n<\/div>\r\n<script>\r\n    const calculateDetailedAge = () => {\r\n        const day = parseInt(document.getElementById('birthDay').value);\r\n        const month = parseInt(document.getElementById('birthMonth').value);\r\n        const year = parseInt(document.getElementById('birthYear').value);\r\n\r\n        if (!day || day < 1 || day > 31 || !month || month < 1 || month > 12 || !year || year < 1900) {\r\n            alert('L\u00fctfen ge\u00e7erli bir g\u00fcn, ay ve y\u0131l giriniz!');\r\n            return;\r\n        }\r\n\r\n        const today = new Date();\r\n        const birthDate = new Date(year, month - 1, day);\r\n        if (birthDate > today) {\r\n            alert('Do\u011fum tarihi bug\u00fcnden b\u00fcy\u00fck olamaz!');\r\n            return;\r\n        }\r\n\r\n        const diffInMilliseconds = today - birthDate;\r\n        const totalDays = Math.floor(diffInMilliseconds \/ (1000 * 60 * 60 * 24));\r\n        const totalYears = Math.floor(totalDays \/ 365.25);\r\n        const totalMonths = Math.floor(totalDays \/ 30.44);\r\n        const remainingMonths = totalMonths - (totalYears * 12);\r\n\r\n        const currentDay = today.getDate();\r\n        const currentMonth = today.getMonth() + 1;\r\n        const currentYear = today.getFullYear();\r\n\r\n        document.getElementById('detailedAgeResult').innerHTML = `\r\n            <p><strong>Ya\u015f\u0131n\u0131z: <\/strong> ${totalYears} y\u0131l<\/p>\r\n            <p><strong>Toplam Ge\u00e7en Ay: <\/strong> ${totalMonths} ay<\/p>\r\n            <p><strong>Toplam Ge\u00e7en G\u00fcn: <\/strong> ${totalDays} g\u00fcn<\/p>\r\n            <p><strong>Bug\u00fcn:<\/strong> ${currentDay}\/${currentMonth}\/${currentYear}<\/p>\r\n            <p><strong>Do\u011fum Tarihi: <\/strong> ${day}\/${month}\/${year}<\/p>\r\n            <p><strong>Kalan Aylar:<\/strong> ${remainingMonths} ay<\/p>\r\n        `;\r\n        document.getElementById('detailedAgeResult').style.display = 'block';\r\n    };\r\n<\/script>\r\n\r\n\n<p data-start=\"65\" data-end=\"533\">Ya\u015f hesaplama, do\u011fum tarihine g\u00f6re g\u00fcncel ya\u015f\u0131n\u0131z\u0131 kolayca \u00f6\u011frenmenizi sa\u011flayan pratik bir y\u00f6ntemdir. \u00d6zellikle resmi i\u015flemlerde, sa\u011fl\u0131k kontrollerinde, e\u011fitim kay\u0131tlar\u0131nda ya da sosyal g\u00fcvenlik ba\u015fvurular\u0131nda ya\u015f bilgisi olduk\u00e7a \u00f6nemlidir. Do\u011fru ya\u015f hesaplama i\u00e7in do\u011fum g\u00fcn\u00fc, ay\u0131 ve y\u0131l\u0131 net olarak bilinmelidir. Bu veriler girildi\u011finde, sistem sizin bug\u00fcnk\u00fc tarih ile do\u011fum tarihiniz aras\u0131ndaki fark\u0131 hesaplayarak ka\u00e7 ya\u015f\u0131nda oldu\u011funuzu saniyeler i\u00e7inde g\u00f6sterir.<\/p>\n<p data-start=\"535\" data-end=\"966\">Ya\u015f hesaplama formu, yaln\u0131zca ya\u015f\u0131n\u0131z\u0131 \u00f6\u011frenmek i\u00e7in de\u011fil, ayn\u0131 zamanda \u00e7ocuklar\u0131n ka\u00e7 ayl\u0131k oldu\u011funu g\u00f6rmek, \u00f6zel g\u00fcn planlamas\u0131 yapmak ya da ya\u015fa ba\u011fl\u0131 haklardan yararlanmak i\u00e7in de kullan\u0131labilir. \u00d6zellikle \u00f6\u011frenci kay\u0131tlar\u0131nda veya emeklilik i\u015flemlerinde ya\u015f hesaplama b\u00fcy\u00fck kolayl\u0131k sa\u011flar. Ayr\u0131ca, sosyal medya kutlamalar\u0131, do\u011fum g\u00fcn\u00fc planlamalar\u0131 veya ki\u015fisel geli\u015fim takiplerinde de ya\u015f bilgisi \u00f6nemli bir role sahiptir.<\/p>\n<p data-start=\"968\" data-end=\"1209\">H\u0131zl\u0131, g\u00fcvenilir ve kullan\u0131c\u0131 dostu ya\u015f hesaplama formu sayesinde art\u0131k manuel olarak hesaplama yapman\u0131za gerek yok. Do\u011fum tarihinizi girerek saniyeler i\u00e7inde net ya\u015f\u0131n\u0131z\u0131 \u00f6\u011frenebilir, ay ve g\u00fcn baz\u0131nda detayl\u0131 sonu\u00e7lar elde edebilirsiniz.<\/p>\n","protected":false},"excerpt":{"rendered":"<p>Ya\u015f hesaplama, do\u011fum tarihine g\u00f6re g\u00fcncel ya\u015f\u0131n\u0131z\u0131 kolayca \u00f6\u011frenmenizi sa\u011flayan pratik bir y\u00f6ntemdir. \u00d6zellikle resmi i\u015flemlerde, sa\u011fl\u0131k kontrollerinde, e\u011fitim kay\u0131tlar\u0131nda ya da sosyal g\u00fcvenlik ba\u015fvurular\u0131nda ya\u015f bilgisi olduk\u00e7a \u00f6nemlidir. Do\u011fru ya\u015f hesaplama i\u00e7in do\u011fum g\u00fcn\u00fc, ay\u0131 ve y\u0131l\u0131 net olarak bilinmelidir. Bu veriler girildi\u011finde, sistem sizin bug\u00fcnk\u00fc tarih ile do\u011fum tarihiniz aras\u0131ndaki fark\u0131 hesaplayarak ka\u00e7 [&hellip;]<\/p>\n","protected":false},"author":1,"featured_media":0,"parent":0,"menu_order":0,"comment_status":"closed","ping_status":"closed","template":"","meta":{"footnotes":""},"class_list":["post-221","page","type-page","status-publish","hentry"],"_links":{"self":[{"href":"https:\/\/olivin.webty.site\/astroloji\/wp-json\/wp\/v2\/pages\/221","targetHints":{"allow":["GET"]}}],"collection":[{"href":"https:\/\/olivin.webty.site\/astroloji\/wp-json\/wp\/v2\/pages"}],"about":[{"href":"https:\/\/olivin.webty.site\/astroloji\/wp-json\/wp\/v2\/types\/page"}],"author":[{"embeddable":true,"href":"https:\/\/olivin.webty.site\/astroloji\/wp-json\/wp\/v2\/users\/1"}],"replies":[{"embeddable":true,"href":"https:\/\/olivin.webty.site\/astroloji\/wp-json\/wp\/v2\/comments?post=221"}],"version-history":[{"count":0,"href":"https:\/\/olivin.webty.site\/astroloji\/wp-json\/wp\/v2\/pages\/221\/revisions"}],"wp:attachment":[{"href":"https:\/\/olivin.webty.site\/astroloji\/wp-json\/wp\/v2\/media?parent=221"}],"curies":[{"name":"wp","href":"https:\/\/api.w.org\/{rel}","templated":true}]}}