{"id":208,"date":"2025-09-28T06:16:52","date_gmt":"2025-09-28T06:16:52","guid":{"rendered":"https:\/\/olivin.webty.site\/astroloji\/?page_id=208"},"modified":"2025-09-28T06:20:50","modified_gmt":"2025-09-28T06:20:50","slug":"burc-hesaplama","status":"publish","type":"page","link":"https:\/\/olivin.webty.site\/astroloji\/burc-hesaplama\/","title":{"rendered":"Bur\u00e7 Hesaplama"},"content":{"rendered":"    <div class=\"oli-alert info\">\r\n        <i class=\"fas fa-info-circle\"><\/i>\r\n        <span>Bur\u00e7 hesaplama formu<\/span>\r\n    <\/div>\r\n    \n<div class=\"oli-calculator\">\r\n    <div class=\"oli-calculator-form-groups\">\r\n        <div class=\"calculator-form-group\">\r\n            <label for=\"birthDay\">G\u00fcn:<\/label>\r\n            <input type=\"number\" id=\"birthDay\" min=\"1\" max=\"31\" placeholder=\"Do\u011fum g\u00fcn\u00fcn\u00fcz\">\r\n        <\/div>\r\n        <div class=\"calculator-form-group\">\r\n            <label for=\"birthMonth\">Ay:<\/label>\r\n            <input type=\"number\" id=\"birthMonth\" min=\"1\" max=\"12\" placeholder=\"Do\u011fum ay\u0131n\u0131z\">\r\n        <\/div>\r\n    <\/div>\r\n    <button onclick=\"calculateZodiac()\">Hesapla<\/button>\r\n    <div class=\"result\" id=\"zodiacResult\"><\/div>\r\n<\/div>\r\n<script>\r\n    const calculateZodiac = () => {\r\n        const day = parseInt(document.getElementById('birthDay').value);\r\n        const month = parseInt(document.getElementById('birthMonth').value);\r\n\r\n        if (!day || day < 1 || day > 31 || !month || month < 1 || month > 12) {\r\n            alert('L\u00fctfen ge\u00e7erli bir g\u00fcn ve ay giriniz!');\r\n            return;\r\n        }\r\n\r\n        let zodiacSign = '';\r\n\r\n        if ((month === 1 && day >= 20) || (month === 2 && day <= 18)) {\r\n            zodiacSign = 'Kova';\r\n        } else if ((month === 2 && day >= 19) || (month === 3 && day <= 20)) {\r\n            zodiacSign = 'Bal\u0131k';\r\n        } else if ((month === 3 && day >= 21) || (month === 4 && day <= 19)) {\r\n            zodiacSign = 'Ko\u00e7';\r\n        } else if ((month === 4 && day >= 20) || (month === 5 && day <= 20)) {\r\n            zodiacSign = 'Bo\u011fa';\r\n        } else if ((month === 5 && day >= 21) || (month === 6 && day <= 20)) {\r\n            zodiacSign = '\u0130kizler';\r\n        } else if ((month === 6 && day >= 21) || (month === 7 && day <= 22)) {\r\n            zodiacSign = 'Yenge\u00e7';\r\n        } else if ((month === 7 && day >= 23) || (month === 8 && day <= 22)) {\r\n            zodiacSign = 'Aslan';\r\n        } else if ((month === 8 && day >= 23) || (month === 9 && day <= 22)) {\r\n            zodiacSign = 'Ba\u015fak';\r\n        } else if ((month === 9 && day >= 23) || (month === 10 && day <= 22)) {\r\n            zodiacSign = 'Terazi';\r\n        } else if ((month === 10 && day >= 23) || (month === 11 && day <= 21)) {\r\n            zodiacSign = 'Akrep';\r\n        } else if ((month === 11 && day >= 22) || (month === 12 && day <= 21)) {\r\n            zodiacSign = 'Yay';\r\n        } else if ((month === 12 && day >= 22) || (month === 1 && day <= 19)) {\r\n            zodiacSign = 'O\u011flak';\r\n        }\r\n\r\n        document.getElementById('zodiacResult').innerHTML = `\r\n            <p><strong>Burcunuz:<\/strong> ${zodiacSign}<\/p>\r\n        `;\r\n        document.getElementById('zodiacResult').style.display = 'block';\r\n    };\r\n<\/script>\r\n\r\n\n<p>Bur\u00e7 hesaplama, do\u011fum tarihi, ay\u0131 ve y\u0131l\u0131na g\u00f6re ki\u015finin hangi burca ait oldu\u011funu \u00f6\u011frenmesini sa\u011flayan en pratik y\u00f6ntemlerden biridir. Astrolojiye ilgi duyan herkes, karakter \u00f6zelliklerini, a\u015fk hayat\u0131n\u0131, i\u015f ya\u015fam\u0131ndaki e\u011filimlerini ve g\u00fcnl\u00fck kararlar\u0131n\u0131 bur\u00e7 yorumlar\u0131yla ili\u015fkilendirmek ister. Do\u011fru bur\u00e7 hesaplama i\u015flemi i\u00e7in en \u00f6nemli kriter, do\u011fum tarihinin g\u00fcn ve ay bilgisidir. \u00c7\u00fcnk\u00fc bur\u00e7lar, g\u00fcne\u015fin belirli tarihlerde bulundu\u011fu konumlara g\u00f6re \u015fekillenir. \u00d6rne\u011fin 21 Mart \u2013 20 Nisan aras\u0131 do\u011fanlar Ko\u00e7 burcudur. Bu nedenle burcunuzu do\u011fru \u00f6\u011frenmek i\u00e7in bur\u00e7 hesaplama arac\u0131n\u0131 kullanman\u0131z b\u00fcy\u00fck kolayl\u0131k sa\u011flar.<\/p>\n<p data-start=\"687\" data-end=\"1138\">Bur\u00e7 hesaplama formu sayesinde birka\u00e7 saniye i\u00e7inde kendi burcunuzu \u00f6\u011frenebilir, ayn\u0131 zamanda sevdiklerinizin bur\u00e7lar\u0131n\u0131 da ke\u015ffedebilirsiniz. Bu bilgi, uyum analizlerinden gelecek tahminlerine kadar bir\u00e7ok alanda kullan\u0131lmaktad\u0131r. Burcunuzu bilmek, ki\u015fisel geli\u015fiminiz, ili\u015fkilerinizdeki uyum ve kendinizi daha iyi tan\u0131man\u0131z i\u00e7in yol g\u00f6sterici olabilir. Ayr\u0131ca astroloji merakl\u0131lar\u0131 i\u00e7in bur\u00e7 hesaplama, g\u00fcnl\u00fck yorumlar\u0131 takip etmenin ilk ad\u0131m\u0131d\u0131r.<\/p>\n<p data-start=\"1140\" data-end=\"1329\">H\u0131zl\u0131, g\u00fcvenilir ve \u00fccretsiz bur\u00e7 hesaplama formu ile siz de do\u011fum tarihinize g\u00f6re hangi bur\u00e7 oldu\u011funuzu hemen \u00f6\u011frenebilir, astrolojinin b\u00fcy\u00fcl\u00fc d\u00fcnyas\u0131nda yolculu\u011funuza ba\u015flayabilirsiniz.<\/p>\n","protected":false},"excerpt":{"rendered":"<p>Bur\u00e7 hesaplama, do\u011fum tarihi, ay\u0131 ve y\u0131l\u0131na g\u00f6re ki\u015finin hangi burca ait oldu\u011funu \u00f6\u011frenmesini sa\u011flayan en pratik y\u00f6ntemlerden biridir. Astrolojiye ilgi duyan herkes, karakter \u00f6zelliklerini, a\u015fk hayat\u0131n\u0131, i\u015f ya\u015fam\u0131ndaki e\u011filimlerini ve g\u00fcnl\u00fck kararlar\u0131n\u0131 bur\u00e7 yorumlar\u0131yla ili\u015fkilendirmek ister. Do\u011fru bur\u00e7 hesaplama i\u015flemi i\u00e7in en \u00f6nemli kriter, do\u011fum tarihinin g\u00fcn ve ay bilgisidir. \u00c7\u00fcnk\u00fc bur\u00e7lar, g\u00fcne\u015fin belirli [&hellip;]<\/p>\n","protected":false},"author":1,"featured_media":0,"parent":0,"menu_order":0,"comment_status":"closed","ping_status":"closed","template":"","meta":{"footnotes":""},"class_list":["post-208","page","type-page","status-publish","hentry"],"_links":{"self":[{"href":"https:\/\/olivin.webty.site\/astroloji\/wp-json\/wp\/v2\/pages\/208","targetHints":{"allow":["GET"]}}],"collection":[{"href":"https:\/\/olivin.webty.site\/astroloji\/wp-json\/wp\/v2\/pages"}],"about":[{"href":"https:\/\/olivin.webty.site\/astroloji\/wp-json\/wp\/v2\/types\/page"}],"author":[{"embeddable":true,"href":"https:\/\/olivin.webty.site\/astroloji\/wp-json\/wp\/v2\/users\/1"}],"replies":[{"embeddable":true,"href":"https:\/\/olivin.webty.site\/astroloji\/wp-json\/wp\/v2\/comments?post=208"}],"version-history":[{"count":0,"href":"https:\/\/olivin.webty.site\/astroloji\/wp-json\/wp\/v2\/pages\/208\/revisions"}],"wp:attachment":[{"href":"https:\/\/olivin.webty.site\/astroloji\/wp-json\/wp\/v2\/media?parent=208"}],"curies":[{"name":"wp","href":"https:\/\/api.w.org\/{rel}","templated":true}]}}